{"id":8,"date":"2023-10-31T18:17:06","date_gmt":"2023-10-31T18:17:06","guid":{"rendered":"http:\/\/omnipadel.mx\/?page_id=8"},"modified":"2023-11-13T15:28:13","modified_gmt":"2023-11-13T15:28:13","slug":"front-page","status":"publish","type":"page","link":"https:\/\/omnipadel.mx\/en\/","title":{"rendered":"Front Page"},"content":{"rendered":"<p>OMNIPADEL COURTS - 100% Mexican company with extensive experience in the world of paddle tennis.\nSpecialists in the manufacture and installation of paddle tennis courts. We have fully galvanized steel structures, tempered glass, imported grass, and high-generation LED lighting.\nOMNIPADEL COURTS is the official court of the World Padel Tour in M\u00e9xico (M\u00e9xico Open 2023)<\/p>\n\n\n\n<p>We are Mexico\u2019s leading design, construction and instalation company of paddle tennis courts. All the timing of our projects are based on our clients needs. \nWe can produce and install your court in less than 20 days!<\/p>","protected":false},"excerpt":{"rendered":"<p>Empresa 100% mexicana con amplia experiencia en el mundo del p\u00e1del. Somos especialistas en la fabricaci\u00f3n e instalaci\u00f3n de canchas de p\u00e1del. Contamos con estructuras de acero totalmente galvanizado, vidrios templados, c\u00e9sped importado e iluminaci\u00f3n LED de alta generaci\u00f3n. OMNIPADEL COURTS es la cancha oficial del World Padel Tour en M\u00e9xico (M\u00e9xico Open y Acapulco [&hellip;]<\/p>","protected":false},"author":1,"featured_media":0,"parent":0,"menu_order":0,"comment_status":"closed","ping_status":"closed","template":"","meta":{"footnotes":""},"acf":{"panel_1_title":"Profesionalismo","panel_1_body":"Ponemos toda nuestra experiencia y conocimiento a su servicio, con el fin de brindar las mejores soluciones a sus necesidades y proporcionarle la mejor experiencia en el juego.","panel_2_title":"Compromiso","panel_2_body":"Nos comprometemos a brindarles un excelente asesoramiento, con la capacidad para afrontar y solucionar nuevos retos. Adem\u00e1s, garantizamos una alta calidad tanto de nuestros productos como de nuestros servicios.","panel_3_title":"Equipo","panel_3_body":"El activo m\u00e1s importante de la compa\u00f1\u00eda. Contamos con un gran equipo de trabajo, el cual se compromete con todos nuestros proyectos. Su cooperaci\u00f3n, uni\u00f3n y creatividad dan como resultado un excelente ambiente laboral."},"_links":{"self":[{"href":"https:\/\/omnipadel.mx\/en\/wp-json\/wp\/v2\/pages\/8"}],"collection":[{"href":"https:\/\/omnipadel.mx\/en\/wp-json\/wp\/v2\/pages"}],"about":[{"href":"https:\/\/omnipadel.mx\/en\/wp-json\/wp\/v2\/types\/page"}],"author":[{"embeddable":true,"href":"https:\/\/omnipadel.mx\/en\/wp-json\/wp\/v2\/users\/1"}],"replies":[{"embeddable":true,"href":"https:\/\/omnipadel.mx\/en\/wp-json\/wp\/v2\/comments?post=8"}],"version-history":[{"count":0,"href":"https:\/\/omnipadel.mx\/en\/wp-json\/wp\/v2\/pages\/8\/revisions"}],"wp:attachment":[{"href":"https:\/\/omnipadel.mx\/en\/wp-json\/wp\/v2\/media?parent=8"}],"curies":[{"name":"wp","href":"https:\/\/api.w.org\/{rel}","templated":true}]}}